{"id":1936,"date":"2015-04-03T04:36:05","date_gmt":"2015-04-03T04:36:05","guid":{"rendered":"https:\/\/croissant.huysmans.me\/contact\/"},"modified":"2022-08-23T14:39:39","modified_gmt":"2022-08-23T14:39:39","slug":"contact","status":"publish","type":"page","link":"https:\/\/croissant.huysmans.me\/de\/contact\/","title":{"rendered":"Kontakt"},"content":{"rendered":"<p>[vc_row row_type=&#8220;row&#8220; stretch_row_type=&#8220;no&#8220; row_content_display=&#8220;in_grid&#8220; row_content_display_align=&#8220;left&#8220; css=&#8220;.vc_custom_1555744355630{padding-top: 50px !important;padding-bottom: 50px !important;}&#8220;][vc_column width=&#8220;1\/2&#8243; css=&#8220;.vc_custom_1555744464689{padding-right: 80px !important;}&#8220;][vc_custom_heading text=&#8220;kontaktieren Sie mich&#8220; font_container=&#8220;tag:h1|font_size:42px|text_align:left&#8220; use_theme_fonts=&#8220;yes&#8220; css=&#8220;.vc_custom_1555950251810{margin-bottom: 20px !important;}&#8220;][vc_column_text]Haben Sie die gesuchten Informationen nicht gefunden oder m\u00f6chten Sie mehr \u00fcber meine Themenservices erfahren? Bitte f\u00fcllen Sie das folgende Formular aus.[\/vc_column_text][vc_message message_box_color=&#8220;blue&#8220; icon_fontawesome=&#8220;fa fa-language&#8220;]Support is provided in <strong>English<\/strong> or <strong>French<\/strong>. Please submit your request in one of those languages,[\/vc_message][vc_column_text]<div role=\"form\" class=\"wpcf7\" id=\"wpcf7-f562-o1\" lang=\"en-US\" dir=\"ltr\">\n<div class=\"screen-reader-response\"><p role=\"status\" aria-live=\"polite\" aria-atomic=\"true\"><\/p> <ul><\/ul><\/div>\n<form action=\"\/de\/wp-json\/wp\/v2\/pages\/1936#wpcf7-f562-o1\" method=\"post\" class=\"wpcf7-form init\" novalidate=\"novalidate\" data-status=\"init\">\n<div style=\"display: none;\">\n<input type=\"hidden\" name=\"_wpcf7\" value=\"562\" \/>\n<input type=\"hidden\" name=\"_wpcf7_version\" value=\"5.4.2\" \/>\n<input type=\"hidden\" name=\"_wpcf7_locale\" value=\"en_US\" \/>\n<input type=\"hidden\" name=\"_wpcf7_unit_tag\" value=\"wpcf7-f562-o1\" \/>\n<input type=\"hidden\" name=\"_wpcf7_container_post\" value=\"0\" \/>\n<input type=\"hidden\" name=\"_wpcf7_posted_data_hash\" value=\"\" \/>\n<input type=\"hidden\" name=\"_wpcf7_recaptcha_response\" value=\"\" \/>\n<\/div>\n<p><span class=\"wpcf7-form-control-wrap your-name\"><input type=\"text\" name=\"your-name\" value=\"\" size=\"40\" class=\"wpcf7-form-control wpcf7-text wpcf7-validates-as-required\" aria-required=\"true\" aria-invalid=\"false\" placeholder=\"Your name\" \/><\/span> <\/p>\n<p><span class=\"wpcf7-form-control-wrap your-email\"><input type=\"email\" name=\"your-email\" value=\"\" size=\"40\" class=\"wpcf7-form-control wpcf7-text wpcf7-email wpcf7-validates-as-required wpcf7-validates-as-email\" aria-required=\"true\" aria-invalid=\"false\" placeholder=\"Email address\" \/><\/span> <\/p>\n<p><span class=\"wpcf7-form-control-wrap menu-193\"><select name=\"menu-193\" class=\"wpcf7-form-control wpcf7-select\" aria-invalid=\"false\"><option value=\"Question\/General inquiry\">Question\/General inquiry<\/option><option value=\"Bug report\">Bug report<\/option><option value=\"Customization request\">Customization request<\/option><\/select><\/span><\/p>\n<p><span class=\"wpcf7-form-control-wrap websiteurl\"><input type=\"text\" name=\"websiteurl\" value=\"\" size=\"40\" class=\"wpcf7-form-control wpcf7-text\" aria-invalid=\"false\" placeholder=\"Website URL\" \/><\/span> <\/p>\n<p><span class=\"wpcf7-form-control-wrap your-message\"><textarea name=\"your-message\" cols=\"40\" rows=\"10\" class=\"wpcf7-form-control wpcf7-textarea\" aria-invalid=\"false\" placeholder=\"Let us know how we can help...\"><\/textarea><\/span> <\/p>\n<p><small>This site is protected by reCAPTCHA and the Google <a href=\"https:\/\/policies.google.com\/privacy\">Privacy Policy<\/a> and <a href=\"https:\/\/policies.google.com\/terms\">Terms of Service<\/a> apply.<\/small><\/p>\n<p><input type=\"submit\" value=\"Send\" class=\"wpcf7-form-control wpcf7-submit\" \/><\/p>\n<div class=\"wpcf7-response-output\" aria-hidden=\"true\"><\/div><\/form><\/div>[\/vc_column_text][\/vc_column][vc_column width=&#8220;1\/2&#8243; css=&#8220;.vc_custom_1555744419472{padding-top: 50px !important;padding-right: 50px !important;padding-bottom: 50px !important;padding-left: 50px !important;background-color: #ffffff !important;background-position: center !important;background-repeat: no-repeat !important;background-size: cover !important;}&#8220; el_class=&#8220;shadowed&#8220;][vc_custom_heading text=&#8220;Brauche hilfe&#8220; font_container=&#8220;tag:h4|font_size:24px|text_align:left&#8220; use_theme_fonts=&#8220;yes&#8220;][vc_column_text]<\/p>\n<p>Wenn Sie Fragen haben oder Hilfe zum Thema ben\u00f6tigen, verwenden Sie bitte dieses Formular. Alternativ k\u00f6nnen Sie mich auch \u00fcber folgende Methoden kontaktieren:<\/p>\n<p>Email: hello [at] huysmans [dot] me<br \/>Website des Autors: <a href=\"https:\/\/huysmans.me\/\">https:\/\/huysmans.me<\/a><\/p>\n<p>[\/vc_column_text][vc_separator][vc_custom_heading text=&#8220;Anpassungsanforderungen&#8220; font_container=&#8220;tag:h4|font_size:24px|text_align:left&#8220; use_theme_fonts=&#8220;yes&#8220;][vc_column_text]Wenn Sie das Erscheinungsbild Ihrer Website \u00fcber den Bereich der integrierten Optionen des Themas hinaus \u00e4ndern m\u00f6chten oder Funktionen hinzuf\u00fcgen m\u00f6chten, kann ich Anpassungsdienste anbieten. Schreiben Sie mir bitte eine Zeile mit diesem Formular, um zu erkl\u00e4ren, was Sie erreichen m\u00f6chten, und ich werde Ihnen mit meinen Verf\u00fcgbarkeiten und einem Angebot f\u00fcr den Service antworten.[\/vc_column_text][vc_single_image image=&#8220;1922&#8243; img_size=&#8220;full&#8220; el_class=&#8220;ls-partner-img&#8220;][vc_separator][vc_custom_heading text=&#8220;Melde einen technischen Fehler&#8220; font_container=&#8220;tag:h4|font_size:24px|text_align:left&#8220; use_theme_fonts=&#8220;yes&#8220;][vc_column_text]Wenn etwas nicht richtig funktioniert und Sie einen Fehler melden m\u00f6chten, verwenden Sie dieses Formular und f\u00fcgen Sie eine detaillierte Beschreibung des Problems, des Ger\u00e4ts und des Browsers, an dem Sie das Problem feststellen, sowie den erforderlichen Schritten zur Reproduktion des Problems.[\/vc_column_text][\/vc_column][\/vc_row][vc_row row_type=&#8220;row&#8220; stretch_row_type=&#8220;no&#8220;][vc_column][\/vc_column][\/vc_row]<\/p>\n","protected":false},"excerpt":{"rendered":"<p>[vc_row row_type=&#8220;row&#8220; stretch_row_type=&#8220;no&#8220; row_content_display=&#8220;in_grid&#8220; row_content_display_align=&#8220;left&#8220; css=&#8220;.vc_custom_1555744355630{padding-top: 50px !important;padding-bottom: 50px !important;}&#8220;][vc_column width=&#8220;1\/2&#8243; css=&#8220;.vc_custom_1555744464689{padding-right: 80px !important;}&#8220;][vc_custom_heading text=&#8220;kontaktieren Sie mich&#8220; font_container=&#8220;tag:h1|font_size:42px|text_align:left&#8220; use_theme_fonts=&#8220;yes&#8220; css=&#8220;.vc_custom_1555950251810{margin-bottom: 20px !important;}&#8220;][vc_column_text]Haben Sie die gesuchten Informationen nicht gefunden oder m\u00f6chten Sie mehr \u00fcber meine Themenservices erfahren? Bitte f\u00fcllen Sie das folgende Formular aus.[\/vc_column_text][vc_message message_box_color=&#8220;blue&#8220; icon_fontawesome=&#8220;fa fa-language&#8220;]Support is provided in English or French. Please submit your [&hellip;]<\/p>\n","protected":false},"author":1,"featured_media":0,"parent":0,"menu_order":0,"comment_status":"closed","ping_status":"closed","template":"template-page-full-width-vc.php","meta":{"spay_email":""},"jetpack_sharing_enabled":true,"jetpack_shortlink":"https:\/\/wp.me\/PaUGPB-ve","_links":{"self":[{"href":"https:\/\/croissant.huysmans.me\/de\/wp-json\/wp\/v2\/pages\/1936"}],"collection":[{"href":"https:\/\/croissant.huysmans.me\/de\/wp-json\/wp\/v2\/pages"}],"about":[{"href":"https:\/\/croissant.huysmans.me\/de\/wp-json\/wp\/v2\/types\/page"}],"author":[{"embeddable":true,"href":"https:\/\/croissant.huysmans.me\/de\/wp-json\/wp\/v2\/users\/1"}],"replies":[{"embeddable":true,"href":"https:\/\/croissant.huysmans.me\/de\/wp-json\/wp\/v2\/comments?post=1936"}],"version-history":[{"count":11,"href":"https:\/\/croissant.huysmans.me\/de\/wp-json\/wp\/v2\/pages\/1936\/revisions"}],"predecessor-version":[{"id":3287,"href":"https:\/\/croissant.huysmans.me\/de\/wp-json\/wp\/v2\/pages\/1936\/revisions\/3287"}],"wp:attachment":[{"href":"https:\/\/croissant.huysmans.me\/de\/wp-json\/wp\/v2\/media?parent=1936"}],"curies":[{"name":"wp","href":"https:\/\/api.w.org\/{rel}","templated":true}]}}