{"id":1929,"date":"2015-04-03T04:36:05","date_gmt":"2015-04-03T04:36:05","guid":{"rendered":"https:\/\/croissant.huysmans.me\/contact\/"},"modified":"2019-04-23T04:46:02","modified_gmt":"2019-04-23T04:46:02","slug":"contact","status":"publish","type":"page","link":"https:\/\/croissant.huysmans.me\/fr\/contact\/","title":{"rendered":"Contact"},"content":{"rendered":"<p>[vc_row row_type=\u00a0\u00bbrow\u00a0\u00bb stretch_row_type=\u00a0\u00bbno\u00a0\u00bb row_content_display=\u00a0\u00bbin_grid\u00a0\u00bb row_content_display_align=\u00a0\u00bbleft\u00a0\u00bb css=\u00a0\u00bb.vc_custom_1555744355630{padding-top: 50px !important;padding-bottom: 50px !important;}\u00a0\u00bb][vc_column width=\u00a0\u00bb1\/2&Prime; css=\u00a0\u00bb.vc_custom_1555744464689{padding-right: 80px !important;}\u00a0\u00bb][vc_custom_heading text=\u00a0\u00bbContactez-moi\u00a0\u00bb font_container=\u00a0\u00bbtag:h1|font_size:42px|text_align:left\u00a0\u00bb use_theme_fonts=\u00a0\u00bbyes\u00a0\u00bb css=\u00a0\u00bb.vc_custom_1555950251810{margin-bottom: 20px !important;}\u00a0\u00bb][vc_column_text]Vous n&rsquo;avez pas trouv\u00e9 l&rsquo;information que vous cherchiez ou vous voulez en savoir plus sur mes services de presonnalisation du th\u00e8me? Veuillez remplir le formulaire suivant.[\/vc_column_text][vc_column_text]<div role=\"form\" class=\"wpcf7\" id=\"wpcf7-f2013-o1\" lang=\"en-US\" dir=\"ltr\">\n<div class=\"screen-reader-response\"><p role=\"status\" aria-live=\"polite\" aria-atomic=\"true\"><\/p> <ul><\/ul><\/div>\n<form action=\"\/fr\/wp-json\/wp\/v2\/pages\/1929#wpcf7-f2013-o1\" method=\"post\" class=\"wpcf7-form init\" novalidate=\"novalidate\" data-status=\"init\">\n<div style=\"display: none;\">\n<input type=\"hidden\" name=\"_wpcf7\" value=\"2013\" \/>\n<input type=\"hidden\" name=\"_wpcf7_version\" value=\"5.4.2\" \/>\n<input type=\"hidden\" name=\"_wpcf7_locale\" value=\"en_US\" \/>\n<input type=\"hidden\" name=\"_wpcf7_unit_tag\" value=\"wpcf7-f2013-o1\" \/>\n<input type=\"hidden\" name=\"_wpcf7_container_post\" value=\"0\" \/>\n<input type=\"hidden\" name=\"_wpcf7_posted_data_hash\" value=\"\" \/>\n<input type=\"hidden\" name=\"_wpcf7_recaptcha_response\" value=\"\" \/>\n<\/div>\n<p><span class=\"wpcf7-form-control-wrap your-name\"><input type=\"text\" name=\"your-name\" value=\"\" size=\"40\" class=\"wpcf7-form-control wpcf7-text wpcf7-validates-as-required\" aria-required=\"true\" aria-invalid=\"false\" placeholder=\"Votre nom\" \/><\/span> <\/p>\n<p><span class=\"wpcf7-form-control-wrap your-email\"><input type=\"email\" name=\"your-email\" value=\"\" size=\"40\" class=\"wpcf7-form-control wpcf7-text wpcf7-email wpcf7-validates-as-required wpcf7-validates-as-email\" aria-required=\"true\" aria-invalid=\"false\" placeholder=\"Courriel\" \/><\/span> <\/p>\n<p><span class=\"wpcf7-form-control-wrap menu-193\"><select name=\"menu-193\" class=\"wpcf7-form-control wpcf7-select\" aria-invalid=\"false\"><option value=\"Question\/Information\">Question\/Information<\/option><option value=\"Signaler un bogue\">Signaler un bogue<\/option><option value=\"Demande de personnalisation\">Demande de personnalisation<\/option><\/select><\/span><\/p>\n<p><span class=\"wpcf7-form-control-wrap websiteurl\"><input type=\"text\" name=\"websiteurl\" value=\"\" size=\"40\" class=\"wpcf7-form-control wpcf7-text\" aria-invalid=\"false\" placeholder=\"URL du site web\" \/><\/span> <\/p>\n<p><span class=\"wpcf7-form-control-wrap your-message\"><textarea name=\"your-message\" cols=\"40\" rows=\"10\" class=\"wpcf7-form-control wpcf7-textarea\" aria-invalid=\"false\" placeholder=\"Comment puis-je vous aider...\"><\/textarea><\/span> <\/p>\n<p><small>Ce site est prot\u00e9g\u00e9 par reCAPTCHA et la <a href=\"https:\/\/policies.google.com\/privacy\">Politique de vie priv\u00e9e<\/a> et les <a href=\"https:\/\/policies.google.com\/terms\">Termes du service<\/a> de Google s'appliquent.<\/small><\/p>\n<p><input type=\"submit\" value=\"Envoyer\" class=\"wpcf7-form-control wpcf7-submit\" \/><\/p>\n<div class=\"wpcf7-response-output\" aria-hidden=\"true\"><\/div><\/form><\/div>[\/vc_column_text][\/vc_column][vc_column width=\u00a0\u00bb1\/2&Prime; css=\u00a0\u00bb.vc_custom_1555744419472{padding-top: 50px !important;padding-right: 50px !important;padding-bottom: 50px !important;padding-left: 50px !important;background-color: #ffffff !important;background-position: center !important;background-repeat: no-repeat !important;background-size: cover !important;}\u00a0\u00bb el_class=\u00a0\u00bbshadowed\u00a0\u00bb][vc_custom_heading text=\u00a0\u00bbBesoin d&rsquo;aide?\u00a0\u00bb font_container=\u00a0\u00bbtag:h4|font_size:24px|text_align:left\u00a0\u00bb use_theme_fonts=\u00a0\u00bbyes\u00a0\u00bb][vc_column_text]Si vous avez des question ou d\u00e9sirez obtenir de l&rsquo;aide\u00a0 avec le th\u00e8me, veuillez utiliser ce formulaire. Alternativement, vous pouvez me contacter en utilisant ces m\u00e9thodes:<\/p>\n<p>Email: dominic [at] huysmans [dot] me<br \/>\nSite web de l&rsquo;auteur: <a href=\"https:\/\/huysmans.me\">https:\/\/huysmans.me<\/a>[\/vc_column_text][vc_separator][vc_custom_heading text=\u00a0\u00bbDemandes de personnalisation\u00a0\u00bb font_container=\u00a0\u00bbtag:h4|font_size:24px|text_align:left\u00a0\u00bb use_theme_fonts=\u00a0\u00bbyes\u00a0\u00bb][vc_column_text]Si vous souhaitez modifier l&rsquo;apparence de votre site au-del\u00e0 des options int\u00e9gr\u00e9es du th\u00e8me ou si vous souhaitez ajouter des fonctionnalit\u00e9s, je peux fournir des services de personnalisation. Veuillez me contacter en utilisant ce formulaire pour expliquer ce que vous souhaitez r\u00e9aliser et je vous reviendrai avec mes disponibilit\u00e9s et un devis pour le service.[\/vc_column_text][vc_single_image image=\u00a0\u00bb1922&Prime; img_size=\u00a0\u00bbfull\u00a0\u00bb el_class=\u00a0\u00bbls-partner-img\u00a0\u00bb][vc_separator][vc_custom_heading text=\u00a0\u00bbSignaler un bogue\u00a0\u00bb font_container=\u00a0\u00bbtag:h4|font_size:24px|text_align:left\u00a0\u00bb use_theme_fonts=\u00a0\u00bbyes\u00a0\u00bb][vc_column_text]Si quelque chose ne fonctionne pas correctement et que vous souhaitez signaler un bogue, utilisez ce formulaire et incluez une description d\u00e9taill\u00e9e du probl\u00e8me, de l&rsquo;appareil et du navigateur sur lesquels vous avez d\u00e9tect\u00e9 le probl\u00e8me, ainsi que les \u00e9tapes n\u00e9cessaires pour reproduire le bogue.[\/vc_column_text][\/vc_column][\/vc_row][vc_row row_type=\u00a0\u00bbrow\u00a0\u00bb stretch_row_type=\u00a0\u00bbno\u00a0\u00bb][vc_column][\/vc_column][\/vc_row]<\/p>\n","protected":false},"excerpt":{"rendered":"<p>[vc_row row_type=\u00a0\u00bbrow\u00a0\u00bb stretch_row_type=\u00a0\u00bbno\u00a0\u00bb row_content_display=\u00a0\u00bbin_grid\u00a0\u00bb row_content_display_align=\u00a0\u00bbleft\u00a0\u00bb css=\u00a0\u00bb.vc_custom_1555744355630{padding-top: 50px !important;padding-bottom: 50px !important;}\u00a0\u00bb][vc_column width=\u00a0\u00bb1\/2&Prime; css=\u00a0\u00bb.vc_custom_1555744464689{padding-right: 80px !important;}\u00a0\u00bb][vc_custom_heading text=\u00a0\u00bbContactez-moi\u00a0\u00bb font_container=\u00a0\u00bbtag:h1|font_size:42px|text_align:left\u00a0\u00bb use_theme_fonts=\u00a0\u00bbyes\u00a0\u00bb css=\u00a0\u00bb.vc_custom_1555950251810{margin-bottom: 20px !important;}\u00a0\u00bb][vc_column_text]Vous n&rsquo;avez pas trouv\u00e9 l&rsquo;information que vous cherchiez ou vous voulez en savoir plus sur mes services de presonnalisation du th\u00e8me? Veuillez remplir le formulaire suivant.[\/vc_column_text][vc_column_text][\/vc_column_text][\/vc_column][vc_column width=\u00a0\u00bb1\/2&Prime; css=\u00a0\u00bb.vc_custom_1555744419472{padding-top: 50px !important;padding-right: 50px !important;padding-bottom: 50px !important;padding-left: 50px !important;background-color: [&hellip;]<\/p>\n","protected":false},"author":1,"featured_media":0,"parent":0,"menu_order":0,"comment_status":"closed","ping_status":"closed","template":"template-page-full-width-vc.php","meta":{"spay_email":""},"jetpack_sharing_enabled":true,"jetpack_shortlink":"https:\/\/wp.me\/PaUGPB-v7","_links":{"self":[{"href":"https:\/\/croissant.huysmans.me\/fr\/wp-json\/wp\/v2\/pages\/1929"}],"collection":[{"href":"https:\/\/croissant.huysmans.me\/fr\/wp-json\/wp\/v2\/pages"}],"about":[{"href":"https:\/\/croissant.huysmans.me\/fr\/wp-json\/wp\/v2\/types\/page"}],"author":[{"embeddable":true,"href":"https:\/\/croissant.huysmans.me\/fr\/wp-json\/wp\/v2\/users\/1"}],"replies":[{"embeddable":true,"href":"https:\/\/croissant.huysmans.me\/fr\/wp-json\/wp\/v2\/comments?post=1929"}],"version-history":[{"count":4,"href":"https:\/\/croissant.huysmans.me\/fr\/wp-json\/wp\/v2\/pages\/1929\/revisions"}],"predecessor-version":[{"id":2014,"href":"https:\/\/croissant.huysmans.me\/fr\/wp-json\/wp\/v2\/pages\/1929\/revisions\/2014"}],"wp:attachment":[{"href":"https:\/\/croissant.huysmans.me\/fr\/wp-json\/wp\/v2\/media?parent=1929"}],"curies":[{"name":"wp","href":"https:\/\/api.w.org\/{rel}","templated":true}]}}